{"id":64,"date":"2025-03-03T10:32:36","date_gmt":"2025-03-03T10:32:36","guid":{"rendered":"https:\/\/stillasmontasje.no\/index.php\/process\/"},"modified":"2026-02-03T13:21:30","modified_gmt":"2026-02-03T12:21:30","slug":"stillaser","status":"publish","type":"page","link":"https:\/\/stillasmontasje.no\/index.php\/stillaser\/","title":{"rendered":"Stillaser"},"content":{"rendered":"\t\t<div data-elementor-type=\"wp-page\" data-elementor-id=\"64\" class=\"elementor elementor-64\" data-elementor-post-type=\"page\">\n\t\t\t\t<div class=\"elementor-element elementor-element-6fdf0c33 e-flex e-con-boxed e-con e-parent\" data-id=\"6fdf0c33\" data-element_type=\"container\" data-settings=\"{&quot;background_background&quot;:&quot;classic&quot;,&quot;jet_parallax_layout_list&quot;:[]}\">\n\t\t\t\t\t<div class=\"e-con-inner\">\n\t\t<div class=\"elementor-element elementor-element-17eccaa1 e-flex e-con-boxed e-con e-child\" data-id=\"17eccaa1\" data-element_type=\"container\" data-settings=\"{&quot;jet_parallax_layout_list&quot;:[],&quot;background_background&quot;:&quot;classic&quot;}\">\n\t\t\t\t\t<div class=\"e-con-inner\">\n\t\t<div class=\"elementor-element elementor-element-30fa1ee8 e-con-full e-flex e-con e-child\" data-id=\"30fa1ee8\" data-element_type=\"container\" data-settings=\"{&quot;background_background&quot;:&quot;classic&quot;,&quot;jet_parallax_layout_list&quot;:[]}\">\n\t\t\t\t<\/div>\n\t\t\t\t\t<\/div>\n\t\t\t\t<\/div>\n\t\t\t\t\t<\/div>\n\t\t\t\t<\/div>\n\t\t<div class=\"elementor-element elementor-element-f793290 e-grid e-con-boxed e-con e-parent\" data-id=\"f793290\" data-element_type=\"container\" data-settings=\"{&quot;jet_parallax_layout_list&quot;:[]}\">\n\t\t\t\t\t<div class=\"e-con-inner\">\n\t\t<a class=\"elementor-element elementor-element-f23f7e1 e-con-full e-flex e-con e-child\" data-id=\"f23f7e1\" data-element_type=\"container\" data-settings=\"{&quot;jet_parallax_layout_list&quot;:[]}\" href=\"https:\/\/stillasmontasje.no\/index.php\/fasadestillas-og-lettstillas\/\">\n\t\t\t\t<div class=\"elementor-element elementor-element-6c84703 elementor-widget elementor-widget-image\" data-id=\"6c84703\" data-element_type=\"widget\" data-widget_type=\"image.default\">\n\t\t\t\t<div class=\"elementor-widget-container\">\n\t\t\t\t\t\t\t\t\t\t\t\t\t\t\t<img fetchpriority=\"high\" decoding=\"async\" width=\"1024\" height=\"683\" src=\"https:\/\/stillasmontasje.no\/wp-content\/uploads\/2025\/03\/Stillas-lett-1-1024x683.jpeg\" class=\"attachment-large size-large wp-image-572\" alt=\"\" srcset=\"https:\/\/stillasmontasje.no\/wp-content\/uploads\/2025\/03\/Stillas-lett-1-1024x683.jpeg 1024w, https:\/\/stillasmontasje.no\/wp-content\/uploads\/2025\/03\/Stillas-lett-1-300x200.jpeg 300w, https:\/\/stillasmontasje.no\/wp-content\/uploads\/2025\/03\/Stillas-lett-1-768x512.jpeg 768w, https:\/\/stillasmontasje.no\/wp-content\/uploads\/2025\/03\/Stillas-lett-1-1536x1024.jpeg 1536w, https:\/\/stillasmontasje.no\/wp-content\/uploads\/2025\/03\/Stillas-lett-1-2048x1366.jpeg 2048w\" sizes=\"(max-width: 1024px) 100vw, 1024px\" \/>\t\t\t\t\t\t\t\t\t\t\t\t\t\t\t<\/div>\n\t\t\t\t<\/div>\n\t\t\t\t<div class=\"elementor-element elementor-element-4db3ccc elementor-widget elementor-widget-heading\" data-id=\"4db3ccc\" data-element_type=\"widget\" data-widget_type=\"heading.default\">\n\t\t\t\t<div class=\"elementor-widget-container\">\n\t\t\t\t\t<h2 class=\"elementor-heading-title elementor-size-default\">Fasadestillas og lettstillas<\/h2>\t\t\t\t<\/div>\n\t\t\t\t<\/div>\n\t\t\t\t<div class=\"elementor-element elementor-element-05063da elementor-widget elementor-widget-text-editor\" data-id=\"05063da\" data-element_type=\"widget\" data-widget_type=\"text-editor.default\">\n\t\t\t\t<div class=\"elementor-widget-container\">\n\t\t\t\t\t\t\t\t\t<p>Stillas Montasje Bergen leverer robuste og fleksible fasadestillaser og lettstillas til private og profesjonelle. Perfekt for fasadearbeid, maling og takreparasjoner. Trygt, sikkert og montert av erfarne fagfolk.<\/p>\t\t\t\t\t\t\t\t<\/div>\n\t\t\t\t<\/div>\n\t\t\t\t<\/a>\n\t\t<a class=\"elementor-element elementor-element-6d6d072 e-con-full e-flex e-con e-child\" data-id=\"6d6d072\" data-element_type=\"container\" data-settings=\"{&quot;jet_parallax_layout_list&quot;:[]}\" href=\"https:\/\/stillasmontasje.no\/index.php\/taksikring\/\">\n\t\t\t\t<div class=\"elementor-element elementor-element-883e19b elementor-widget elementor-widget-image\" data-id=\"883e19b\" data-element_type=\"widget\" data-widget_type=\"image.default\">\n\t\t\t\t<div class=\"elementor-widget-container\">\n\t\t\t\t\t\t\t\t\t\t\t\t\t\t\t<img decoding=\"async\" width=\"1024\" height=\"768\" src=\"https:\/\/stillasmontasje.no\/wp-content\/uploads\/2025\/03\/Stillasmontasje-Domkirkegaten-3--1024x768.jpeg\" class=\"attachment-large size-large wp-image-270\" alt=\"\" srcset=\"https:\/\/stillasmontasje.no\/wp-content\/uploads\/2025\/03\/Stillasmontasje-Domkirkegaten-3--1024x768.jpeg 1024w, https:\/\/stillasmontasje.no\/wp-content\/uploads\/2025\/03\/Stillasmontasje-Domkirkegaten-3--300x225.jpeg 300w, https:\/\/stillasmontasje.no\/wp-content\/uploads\/2025\/03\/Stillasmontasje-Domkirkegaten-3--768x576.jpeg 768w, https:\/\/stillasmontasje.no\/wp-content\/uploads\/2025\/03\/Stillasmontasje-Domkirkegaten-3--1536x1151.jpeg 1536w, https:\/\/stillasmontasje.no\/wp-content\/uploads\/2025\/03\/Stillasmontasje-Domkirkegaten-3--2048x1535.jpeg 2048w\" sizes=\"(max-width: 1024px) 100vw, 1024px\" \/>\t\t\t\t\t\t\t\t\t\t\t\t\t\t\t<\/div>\n\t\t\t\t<\/div>\n\t\t\t\t<div class=\"elementor-element elementor-element-94f25ee elementor-widget elementor-widget-heading\" data-id=\"94f25ee\" data-element_type=\"widget\" data-widget_type=\"heading.default\">\n\t\t\t\t<div class=\"elementor-widget-container\">\n\t\t\t\t\t<h2 class=\"elementor-heading-title elementor-size-default\">Taksikring<\/h2>\t\t\t\t<\/div>\n\t\t\t\t<\/div>\n\t\t\t\t<div class=\"elementor-element elementor-element-23b4247 elementor-widget elementor-widget-text-editor\" data-id=\"23b4247\" data-element_type=\"widget\" data-widget_type=\"text-editor.default\">\n\t\t\t\t<div class=\"elementor-widget-container\">\n\t\t\t\t\t\t\t\t\t<p>Vi tilbyr Layher taksikring for arbeid p\u00e5 tak.<\/p>\t\t\t\t\t\t\t\t<\/div>\n\t\t\t\t<\/div>\n\t\t\t\t<\/a>\n\t\t<a class=\"elementor-element elementor-element-afb4f33 e-con-full e-flex e-con e-child\" data-id=\"afb4f33\" data-element_type=\"container\" data-settings=\"{&quot;jet_parallax_layout_list&quot;:[]}\" href=\"https:\/\/stillasmontasje.no\/index.php\/trappetarn\/\">\n\t\t\t\t<div class=\"elementor-element elementor-element-0567d61 elementor-widget elementor-widget-image\" data-id=\"0567d61\" data-element_type=\"widget\" data-widget_type=\"image.default\">\n\t\t\t\t<div class=\"elementor-widget-container\">\n\t\t\t\t\t\t\t\t\t\t\t\t\t\t\t<img decoding=\"async\" width=\"716\" height=\"560\" src=\"https:\/\/stillasmontasje.no\/wp-content\/uploads\/2025\/03\/Trappetarn-SMB.png\" class=\"attachment-large size-large wp-image-586\" alt=\"\" srcset=\"https:\/\/stillasmontasje.no\/wp-content\/uploads\/2025\/03\/Trappetarn-SMB.png 716w, https:\/\/stillasmontasje.no\/wp-content\/uploads\/2025\/03\/Trappetarn-SMB-300x235.png 300w\" sizes=\"(max-width: 716px) 100vw, 716px\" \/>\t\t\t\t\t\t\t\t\t\t\t\t\t\t\t<\/div>\n\t\t\t\t<\/div>\n\t\t\t\t<div class=\"elementor-element elementor-element-88324e4 elementor-widget elementor-widget-heading\" data-id=\"88324e4\" data-element_type=\"widget\" data-widget_type=\"heading.default\">\n\t\t\t\t<div class=\"elementor-widget-container\">\n\t\t\t\t\t<h2 class=\"elementor-heading-title elementor-size-default\">Trappet\u00e5rn<\/h2>\t\t\t\t<\/div>\n\t\t\t\t<\/div>\n\t\t\t\t<div class=\"elementor-element elementor-element-568dfbb elementor-widget elementor-widget-text-editor\" data-id=\"568dfbb\" data-element_type=\"widget\" data-widget_type=\"text-editor.default\">\n\t\t\t\t<div class=\"elementor-widget-container\">\n\t\t\t\t\t\t\t\t\t<p>Stillas Montasje Bergen leverer sikre og fleksible trappet\u00e5rn for byggeprosjekter. V\u00e5re Layher-trappet\u00e5rn gir trygg adkomst og kan kombineres med fasadestillas eller frittst\u00e5ende l\u00f8sninger. Perfekt for bygge- og infrastrukturprosjekter.<\/p>\t\t\t\t\t\t\t\t<\/div>\n\t\t\t\t<\/div>\n\t\t\t\t<\/a>\n\t\t<a class=\"elementor-element elementor-element-2373d49 e-con-full e-flex e-con e-child\" data-id=\"2373d49\" data-element_type=\"container\" data-settings=\"{&quot;jet_parallax_layout_list&quot;:[]}\" href=\"https:\/\/stillasmontasje.no\/index.php\/rullestillas\/\">\n\t\t\t\t<div class=\"elementor-element elementor-element-1348424 elementor-widget elementor-widget-image\" data-id=\"1348424\" data-element_type=\"widget\" data-widget_type=\"image.default\">\n\t\t\t\t<div class=\"elementor-widget-container\">\n\t\t\t\t\t\t\t\t\t\t\t\t\t\t\t<img loading=\"lazy\" decoding=\"async\" width=\"774\" height=\"636\" src=\"https:\/\/stillasmontasje.no\/wp-content\/uploads\/2025\/03\/Rullestillas.png\" class=\"attachment-large size-large wp-image-587\" alt=\"Rullestillas\" srcset=\"https:\/\/stillasmontasje.no\/wp-content\/uploads\/2025\/03\/Rullestillas.png 774w, https:\/\/stillasmontasje.no\/wp-content\/uploads\/2025\/03\/Rullestillas-300x247.png 300w, https:\/\/stillasmontasje.no\/wp-content\/uploads\/2025\/03\/Rullestillas-768x631.png 768w\" sizes=\"(max-width: 774px) 100vw, 774px\" \/>\t\t\t\t\t\t\t\t\t\t\t\t\t\t\t<\/div>\n\t\t\t\t<\/div>\n\t\t\t\t<div class=\"elementor-element elementor-element-30218a0 elementor-widget elementor-widget-heading\" data-id=\"30218a0\" data-element_type=\"widget\" data-widget_type=\"heading.default\">\n\t\t\t\t<div class=\"elementor-widget-container\">\n\t\t\t\t\t<h2 class=\"elementor-heading-title elementor-size-default\">Rullestillas<\/h2>\t\t\t\t<\/div>\n\t\t\t\t<\/div>\n\t\t\t\t<div class=\"elementor-element elementor-element-19a4a87 elementor-widget elementor-widget-text-editor\" data-id=\"19a4a87\" data-element_type=\"widget\" data-widget_type=\"text-editor.default\">\n\t\t\t\t<div class=\"elementor-widget-container\">\n\t\t\t\t\t\t\t\t\t<p>V\u00e5re rullestillaser gir deg en mobil, stabil og sikker arbeidsplattform. Vi leverer rullestillas i Bergen og Vestland.<\/p>\t\t\t\t\t\t\t\t<\/div>\n\t\t\t\t<\/div>\n\t\t\t\t<\/a>\n\t\t\t\t\t<\/div>\n\t\t\t\t<\/div>\n\t\t<div class=\"elementor-element elementor-element-a2e09a6 e-flex e-con-boxed e-con e-parent\" data-id=\"a2e09a6\" data-element_type=\"container\" data-settings=\"{&quot;jet_parallax_layout_list&quot;:[],&quot;background_background&quot;:&quot;classic&quot;}\">\n\t\t\t\t\t<div class=\"e-con-inner\">\n\t\t<div class=\"elementor-element elementor-element-2c39f36 e-con-full e-flex e-con e-child\" data-id=\"2c39f36\" data-element_type=\"container\" data-settings=\"{&quot;jet_parallax_layout_list&quot;:[]}\">\n\t\t\t\t<div class=\"elementor-element elementor-element-2f83494 elementor-button-info elementor-align-center elementor-widget elementor-widget-button\" data-id=\"2f83494\" data-element_type=\"widget\" data-widget_type=\"button.default\">\n\t\t\t\t<div class=\"elementor-widget-container\">\n\t\t\t\t\t\t\t\t\t<div class=\"elementor-button-wrapper\">\n\t\t\t\t\t<a class=\"elementor-button elementor-button-link elementor-size-sm\" href=\"\">\n\t\t\t\t\t\t<span class=\"elementor-button-content-wrapper\">\n\t\t\t\t\t\t\t\t\t<span class=\"elementor-button-text\">Ring oss<\/span>\n\t\t\t\t\t<\/span>\n\t\t\t\t\t<\/a>\n\t\t\t\t<\/div>\n\t\t\t\t\t\t\t\t<\/div>\n\t\t\t\t<\/div>\n\t\t\t\t<\/div>\n\t\t<div class=\"elementor-element elementor-element-e95943d e-con-full e-flex e-con e-child\" data-id=\"e95943d\" data-element_type=\"container\" data-settings=\"{&quot;jet_parallax_layout_list&quot;:[]}\">\n\t\t\t\t<div class=\"elementor-element elementor-element-99d16eb elementor-align-left elementor-mobile-align-center elementor-widget elementor-widget-button\" data-id=\"99d16eb\" data-element_type=\"widget\" data-widget_type=\"button.default\">\n\t\t\t\t<div class=\"elementor-widget-container\">\n\t\t\t\t\t\t\t\t\t<div class=\"elementor-button-wrapper\">\n\t\t\t\t\t<a class=\"elementor-button elementor-button-link elementor-size-sm\" href=\"mailto:post@stillasmontasje.no\">\n\t\t\t\t\t\t<span class=\"elementor-button-content-wrapper\">\n\t\t\t\t\t\t\t\t\t<span class=\"elementor-button-text\">Kontakt oss<\/span>\n\t\t\t\t\t<\/span>\n\t\t\t\t\t<\/a>\n\t\t\t\t<\/div>\n\t\t\t\t\t\t\t\t<\/div>\n\t\t\t\t<\/div>\n\t\t\t\t<\/div>\n\t\t\t\t\t<\/div>\n\t\t\t\t<\/div>\n\t\t\t\t<\/div>\n\t\t","protected":false},"excerpt":{"rendered":"<p>Fasadestillas og lettstillas Stillas Montasje Bergen leverer robuste og fleksible fasadestillaser og lettstillas til private og profesjonelle. Perfekt for fasadearbeid, maling og takreparasjoner. Trygt, sikkert og montert av erfarne fagfolk. Taksikring Vi tilbyr Layher taksikring for arbeid p\u00e5 tak. Trappet\u00e5rn Stillas Montasje Bergen leverer sikre og fleksible trappet\u00e5rn for byggeprosjekter. V\u00e5re Layher-trappet\u00e5rn gir trygg adkomst [&hellip;]<\/p>\n","protected":false},"author":1,"featured_media":0,"parent":0,"menu_order":0,"comment_status":"closed","ping_status":"closed","template":"","meta":{"footnotes":""},"class_list":["post-64","page","type-page","status-publish","hentry"],"_links":{"self":[{"href":"https:\/\/stillasmontasje.no\/index.php\/wp-json\/wp\/v2\/pages\/64","targetHints":{"allow":["GET"]}}],"collection":[{"href":"https:\/\/stillasmontasje.no\/index.php\/wp-json\/wp\/v2\/pages"}],"about":[{"href":"https:\/\/stillasmontasje.no\/index.php\/wp-json\/wp\/v2\/types\/page"}],"author":[{"embeddable":true,"href":"https:\/\/stillasmontasje.no\/index.php\/wp-json\/wp\/v2\/users\/1"}],"replies":[{"embeddable":true,"href":"https:\/\/stillasmontasje.no\/index.php\/wp-json\/wp\/v2\/comments?post=64"}],"version-history":[{"count":74,"href":"https:\/\/stillasmontasje.no\/index.php\/wp-json\/wp\/v2\/pages\/64\/revisions"}],"predecessor-version":[{"id":1161,"href":"https:\/\/stillasmontasje.no\/index.php\/wp-json\/wp\/v2\/pages\/64\/revisions\/1161"}],"wp:attachment":[{"href":"https:\/\/stillasmontasje.no\/index.php\/wp-json\/wp\/v2\/media?parent=64"}],"curies":[{"name":"wp","href":"https:\/\/api.w.org\/{rel}","templated":true}]}}