{"id":652,"date":"2025-03-19T09:21:20","date_gmt":"2025-03-19T08:21:20","guid":{"rendered":"https:\/\/stillasmontasje.no\/?page_id=652"},"modified":"2025-12-01T12:29:58","modified_gmt":"2025-12-01T11:29:58","slug":"trappetarn","status":"publish","type":"page","link":"https:\/\/stillasmontasje.no\/index.php\/trappetarn\/","title":{"rendered":"Trappet\u00e5rn"},"content":{"rendered":"\t\t<div data-elementor-type=\"wp-page\" data-elementor-id=\"652\" class=\"elementor elementor-652\" data-elementor-post-type=\"page\">\n\t\t\t\t<div class=\"elementor-element elementor-element-11e8f64 e-flex e-con-boxed e-con e-parent\" data-id=\"11e8f64\" data-element_type=\"container\" data-settings=\"{&quot;background_background&quot;:&quot;classic&quot;,&quot;jet_parallax_layout_list&quot;:[]}\">\n\t\t\t\t\t<div class=\"e-con-inner\">\n\t\t<div class=\"elementor-element elementor-element-2c91dd2 e-flex e-con-boxed e-con e-child\" data-id=\"2c91dd2\" data-element_type=\"container\" data-settings=\"{&quot;jet_parallax_layout_list&quot;:[],&quot;background_background&quot;:&quot;classic&quot;}\">\n\t\t\t\t\t<div class=\"e-con-inner\">\n\t\t<div class=\"elementor-element elementor-element-bb1cf50 e-con-full e-flex e-con e-child\" data-id=\"bb1cf50\" data-element_type=\"container\" data-settings=\"{&quot;background_background&quot;:&quot;classic&quot;,&quot;jet_parallax_layout_list&quot;:[]}\">\n\t\t\t\t<\/div>\n\t\t\t\t\t<\/div>\n\t\t\t\t<\/div>\n\t\t\t\t\t<\/div>\n\t\t\t\t<\/div>\n\t\t<div class=\"elementor-element elementor-element-3a10c75 e-flex e-con-boxed e-con e-parent\" data-id=\"3a10c75\" data-element_type=\"container\" data-settings=\"{&quot;jet_parallax_layout_list&quot;:[],&quot;background_background&quot;:&quot;classic&quot;}\">\n\t\t\t\t\t<div class=\"e-con-inner\">\n\t\t\t\t<div class=\"elementor-element elementor-element-86aa555 elementor-widget elementor-widget-text-editor\" data-id=\"86aa555\" data-element_type=\"widget\" data-widget_type=\"text-editor.default\">\n\t\t\t\t<div class=\"elementor-widget-container\">\n\t\t\t\t\t\t\t\t\t<p class=\"p2\">Vi kan levere Layher trappet\u00e5rn til ulike bruksomr\u00e5der. V\u00e5re trappet\u00e5rn kan monteres sammen med v\u00e5re rammestillas og fasadestillas eller sammen med et frittst\u00e5ende som er forankring i bygget. Stillasprodusent er Layher Allround industristillas.<\/p><p class=\"p1\">Vi leverer trappet\u00e5rn til hele byggen\u00e6ringen. Trenger dere trappel\u00f8sninger som tilfredsstiller offentlige krav til midlertidige offentlige adkomster rundt f.eks. jernbane- og infrastruktur-prosjekter. Send en foresp\u00f8rsel p\u00e5 prosjektet.<\/p>\t\t\t\t\t\t\t\t<\/div>\n\t\t\t\t<\/div>\n\t\t\t\t\t<\/div>\n\t\t\t\t<\/div>\n\t\t<div class=\"elementor-element elementor-element-8f09ee2 e-flex e-con-boxed e-con e-parent\" data-id=\"8f09ee2\" data-element_type=\"container\" data-settings=\"{&quot;jet_parallax_layout_list&quot;:[],&quot;background_background&quot;:&quot;classic&quot;}\">\n\t\t\t\t\t<div class=\"e-con-inner\">\n\t\t<div class=\"elementor-element elementor-element-04364d0 e-con-full e-flex e-con e-child\" data-id=\"04364d0\" data-element_type=\"container\" data-settings=\"{&quot;jet_parallax_layout_list&quot;:[]}\">\n\t\t\t\t<\/div>\n\t\t<div class=\"elementor-element elementor-element-35b2c77 e-con-full e-flex e-con e-child\" data-id=\"35b2c77\" data-element_type=\"container\" data-settings=\"{&quot;jet_parallax_layout_list&quot;:[]}\">\n\t\t\t\t<div class=\"elementor-element elementor-element-a950a51 elementor-widget elementor-widget-image\" data-id=\"a950a51\" data-element_type=\"widget\" data-widget_type=\"image.default\">\n\t\t\t\t<div class=\"elementor-widget-container\">\n\t\t\t\t\t\t\t\t\t\t\t\t\t\t\t<img fetchpriority=\"high\" decoding=\"async\" width=\"350\" height=\"262\" src=\"https:\/\/stillasmontasje.no\/wp-content\/uploads\/2025\/03\/Helleveien-trappetarn.jpg\" class=\"attachment-large size-large wp-image-620\" alt=\"Trappeta\u030arn Helleveien\" srcset=\"https:\/\/stillasmontasje.no\/wp-content\/uploads\/2025\/03\/Helleveien-trappetarn.jpg 350w, https:\/\/stillasmontasje.no\/wp-content\/uploads\/2025\/03\/Helleveien-trappetarn-300x225.jpg 300w\" sizes=\"(max-width: 350px) 100vw, 350px\" \/>\t\t\t\t\t\t\t\t\t\t\t\t\t\t\t<\/div>\n\t\t\t\t<\/div>\n\t\t\t\t<\/div>\n\t\t<div class=\"elementor-element elementor-element-078c406 e-con-full e-flex e-con e-child\" data-id=\"078c406\" data-element_type=\"container\" data-settings=\"{&quot;jet_parallax_layout_list&quot;:[]}\">\n\t\t\t\t<\/div>\n\t\t\t\t\t<\/div>\n\t\t\t\t<\/div>\n\t\t<div class=\"elementor-element elementor-element-3b254d5 e-flex e-con-boxed e-con e-parent\" data-id=\"3b254d5\" data-element_type=\"container\" data-settings=\"{&quot;jet_parallax_layout_list&quot;:[],&quot;background_background&quot;:&quot;classic&quot;}\">\n\t\t\t\t\t<div class=\"e-con-inner\">\n\t\t<div class=\"elementor-element elementor-element-268e8eb e-con-full e-flex e-con e-child\" data-id=\"268e8eb\" data-element_type=\"container\" data-settings=\"{&quot;jet_parallax_layout_list&quot;:[]}\">\n\t\t\t\t<div class=\"elementor-element elementor-element-6916c6e elementor-button-info elementor-align-center elementor-widget elementor-widget-button\" data-id=\"6916c6e\" data-element_type=\"widget\" data-widget_type=\"button.default\">\n\t\t\t\t<div class=\"elementor-widget-container\">\n\t\t\t\t\t\t\t\t\t<div class=\"elementor-button-wrapper\">\n\t\t\t\t\t<a class=\"elementor-button elementor-button-link elementor-size-sm\" href=\"\">\n\t\t\t\t\t\t<span class=\"elementor-button-content-wrapper\">\n\t\t\t\t\t\t\t\t\t<span class=\"elementor-button-text\">Ring oss<\/span>\n\t\t\t\t\t<\/span>\n\t\t\t\t\t<\/a>\n\t\t\t\t<\/div>\n\t\t\t\t\t\t\t\t<\/div>\n\t\t\t\t<\/div>\n\t\t\t\t<\/div>\n\t\t<div class=\"elementor-element elementor-element-900435b e-con-full e-flex e-con e-child\" data-id=\"900435b\" data-element_type=\"container\" data-settings=\"{&quot;jet_parallax_layout_list&quot;:[]}\">\n\t\t\t\t<div class=\"elementor-element elementor-element-c8b6a66 elementor-align-left elementor-mobile-align-center elementor-widget elementor-widget-button\" data-id=\"c8b6a66\" data-element_type=\"widget\" data-widget_type=\"button.default\">\n\t\t\t\t<div class=\"elementor-widget-container\">\n\t\t\t\t\t\t\t\t\t<div class=\"elementor-button-wrapper\">\n\t\t\t\t\t<a class=\"elementor-button elementor-button-link elementor-size-sm\" href=\"mailto:post@stillasmontasje.no\">\n\t\t\t\t\t\t<span class=\"elementor-button-content-wrapper\">\n\t\t\t\t\t\t\t\t\t<span class=\"elementor-button-text\">Kontakt oss<\/span>\n\t\t\t\t\t<\/span>\n\t\t\t\t\t<\/a>\n\t\t\t\t<\/div>\n\t\t\t\t\t\t\t\t<\/div>\n\t\t\t\t<\/div>\n\t\t\t\t<\/div>\n\t\t\t\t\t<\/div>\n\t\t\t\t<\/div>\n\t\t\t\t<\/div>\n\t\t","protected":false},"excerpt":{"rendered":"<p>Vi kan levere Layher trappet\u00e5rn til ulike bruksomr\u00e5der. V\u00e5re trappet\u00e5rn kan monteres sammen med v\u00e5re rammestillas og fasadestillas eller sammen med et frittst\u00e5ende som er forankring i bygget. Stillasprodusent er Layher Allround industristillas. Vi leverer trappet\u00e5rn til hele byggen\u00e6ringen. Trenger dere trappel\u00f8sninger som tilfredsstiller offentlige krav til midlertidige offentlige adkomster rundt f.eks. jernbane- og infrastruktur-prosjekter. [&hellip;]<\/p>\n","protected":false},"author":1,"featured_media":0,"parent":0,"menu_order":0,"comment_status":"closed","ping_status":"closed","template":"","meta":{"footnotes":""},"class_list":["post-652","page","type-page","status-publish","hentry"],"_links":{"self":[{"href":"https:\/\/stillasmontasje.no\/index.php\/wp-json\/wp\/v2\/pages\/652","targetHints":{"allow":["GET"]}}],"collection":[{"href":"https:\/\/stillasmontasje.no\/index.php\/wp-json\/wp\/v2\/pages"}],"about":[{"href":"https:\/\/stillasmontasje.no\/index.php\/wp-json\/wp\/v2\/types\/page"}],"author":[{"embeddable":true,"href":"https:\/\/stillasmontasje.no\/index.php\/wp-json\/wp\/v2\/users\/1"}],"replies":[{"embeddable":true,"href":"https:\/\/stillasmontasje.no\/index.php\/wp-json\/wp\/v2\/comments?post=652"}],"version-history":[{"count":22,"href":"https:\/\/stillasmontasje.no\/index.php\/wp-json\/wp\/v2\/pages\/652\/revisions"}],"predecessor-version":[{"id":1134,"href":"https:\/\/stillasmontasje.no\/index.php\/wp-json\/wp\/v2\/pages\/652\/revisions\/1134"}],"wp:attachment":[{"href":"https:\/\/stillasmontasje.no\/index.php\/wp-json\/wp\/v2\/media?parent=652"}],"curies":[{"name":"wp","href":"https:\/\/api.w.org\/{rel}","templated":true}]}}