{"id":77,"date":"2025-03-03T10:32:43","date_gmt":"2025-03-03T10:32:43","guid":{"rendered":"https:\/\/stillasmontasje.no\/index.php\/services\/"},"modified":"2025-12-01T12:27:03","modified_gmt":"2025-12-01T11:27:03","slug":"fasadestillas-og-lettstillas","status":"publish","type":"page","link":"https:\/\/stillasmontasje.no\/index.php\/fasadestillas-og-lettstillas\/","title":{"rendered":"Fasadestillas og lettstillas"},"content":{"rendered":"\t\t<div data-elementor-type=\"wp-page\" data-elementor-id=\"77\" class=\"elementor elementor-77\" data-elementor-post-type=\"page\">\n\t\t\t\t<div class=\"elementor-element elementor-element-b1cdd9d e-flex e-con-boxed e-con e-parent\" data-id=\"b1cdd9d\" data-element_type=\"container\" data-settings=\"{&quot;background_background&quot;:&quot;classic&quot;,&quot;jet_parallax_layout_list&quot;:[]}\">\n\t\t\t\t\t<div class=\"e-con-inner\">\n\t\t<div class=\"elementor-element elementor-element-39e22aa e-flex e-con-boxed e-con e-child\" data-id=\"39e22aa\" data-element_type=\"container\" data-settings=\"{&quot;jet_parallax_layout_list&quot;:[],&quot;background_background&quot;:&quot;classic&quot;}\">\n\t\t\t\t\t<div class=\"e-con-inner\">\n\t\t<div class=\"elementor-element elementor-element-b563ac7 e-con-full e-flex e-con e-child\" data-id=\"b563ac7\" data-element_type=\"container\" data-settings=\"{&quot;background_background&quot;:&quot;classic&quot;,&quot;jet_parallax_layout_list&quot;:[]}\">\n\t\t\t\t<div class=\"elementor-element elementor-element-58d20da elementor-widget-mobile__width-inherit elementor-widget__width-initial elementor-widget elementor-widget-heading\" data-id=\"58d20da\" data-element_type=\"widget\" data-widget_type=\"heading.default\">\n\t\t\t\t<div class=\"elementor-widget-container\">\n\t\t\t\t\t<h1 class=\"elementor-heading-title elementor-size-default\">Fasade og lettstillas<\/h1>\t\t\t\t<\/div>\n\t\t\t\t<\/div>\n\t\t\t\t<\/div>\n\t\t\t\t\t<\/div>\n\t\t\t\t<\/div>\n\t\t\t\t\t<\/div>\n\t\t\t\t<\/div>\n\t\t<div class=\"elementor-element elementor-element-9d6545a e-flex e-con-boxed e-con e-parent\" data-id=\"9d6545a\" data-element_type=\"container\" data-settings=\"{&quot;jet_parallax_layout_list&quot;:[],&quot;background_background&quot;:&quot;classic&quot;}\">\n\t\t\t\t\t<div class=\"e-con-inner\">\n\t\t\t\t<div class=\"elementor-element elementor-element-769fd4e elementor-widget elementor-widget-text-editor\" data-id=\"769fd4e\" data-element_type=\"widget\" data-widget_type=\"text-editor.default\">\n\t\t\t\t<div class=\"elementor-widget-container\">\n\t\t\t\t\t\t\t\t\t<p>V\u00e5rt lager for stillaser er p\u00e5 Nyborg i bydelen \u00c5sane i Bergen med over<span class=\"Apple-converted-space\">\u00a040.000m2 lettstillas av merket\u00a0<strong>H\u00fcnnebeck<\/strong>\u00a0<strong>Bosta 70 og Layher Fasadestillas.<\/strong><\/span><\/p><p class=\"p2\">Stillaset er produsert i Tyskland, og er et meget robust, allsidig og fleksibelt stillassystem som passer til alle typer jobber b\u00e5de for private og profesjonelle. Rammestillaset har en systembredde p\u00e5 0,74 m. Plattingene finnes i lengder p\u00e5 3,00 m, 2,50 m, 2,00 m, o,74 m og vertikalrammene i h\u00f8yde p\u00e5 2,00 m, 1,00 m, 1,00 m og 0,66 m. Bruksomr\u00e5dene er arbeids- og beskyttelsesstillas.<span class=\"Apple-converted-space\">\u00a0<\/span><\/p><p class=\"p2\"><strong>Bostad 70<\/strong>\u00a0er produsert av den kjente internasjonale tyske produsenten\u00a0<strong>H\u00fcnnebeck.<\/strong><\/p><p class=\"p2\"><strong><i>Private:<\/i><\/strong>\u00a0Vi har lang erfaring med fasadestillaser. Skal du male huset, skifte kledning eller reparere taket, kommer vi og tar m\u00e5l og gir et uforpliktende tilbud p\u00e5 stillas. Vi kan ogs\u00e5 tilby not eller presenning p\u00e5 stillaset om det er \u00f8nskelig.\u00a0<span class=\"Apple-converted-space\">\u00a0<\/span><\/p><p class=\"p2\">V\u00e5re mont\u00f8rer er profesjonelle og har mange \u00e5rs erfaring i selskapet. All montering skjer i henhold til gjeldende regler og forskrifter.<span class=\"Apple-converted-space\">\u00a0<\/span><\/p><p class=\"p2\"><strong><i>Profesjonelle\/n\u00e6ring<\/i><\/strong>: Vi er vel etablert i b\u00e5de det private og det profesjonelle markedet. V\u00e5re kunder er private akt\u00f8rer, borettslag, store og sm\u00e5 entrepren\u00f8rer og utbyggere over hele Vestlandet. Vi leverer lettstillas til alle typer prosjekter.<\/p><p class=\"p2\">V\u00e5re mont\u00f8rer har mange \u00e5rs erfaring, og gjennomg\u00e5r kontinuerlig kursing og oppl\u00e6ring for \u00e5 til enhver tid tilfredsstille gjeldende krav og forskrifter.<span class=\"Apple-converted-space\">\u00a0<\/span><\/p><p class=\"p3\"><strong>H\u00fcnnebeck Bostad 70 Allround<\/strong>\u00a0er typegodkjent av Arbeidstilsynet, og er et trygt og sikkert valg.<\/p>\t\t\t\t\t\t\t\t<\/div>\n\t\t\t\t<\/div>\n\t\t\t\t\t<\/div>\n\t\t\t\t<\/div>\n\t\t<div class=\"elementor-element elementor-element-677afa0 e-flex e-con-boxed e-con e-parent\" data-id=\"677afa0\" data-element_type=\"container\" data-settings=\"{&quot;jet_parallax_layout_list&quot;:[],&quot;background_background&quot;:&quot;classic&quot;}\">\n\t\t\t\t\t<div class=\"e-con-inner\">\n\t\t<div class=\"elementor-element elementor-element-7db2bd7 e-con-full e-flex e-con e-child\" data-id=\"7db2bd7\" data-element_type=\"container\" data-settings=\"{&quot;jet_parallax_layout_list&quot;:[]}\">\n\t\t\t\t<div class=\"elementor-element elementor-element-eb6b158 elementor-widget elementor-widget-image\" data-id=\"eb6b158\" data-element_type=\"widget\" data-widget_type=\"image.default\">\n\t\t\t\t<div class=\"elementor-widget-container\">\n\t\t\t\t\t\t\t\t\t\t\t\t\t\t\t<img fetchpriority=\"high\" decoding=\"async\" width=\"1024\" height=\"683\" src=\"https:\/\/stillasmontasje.no\/wp-content\/uploads\/2025\/03\/Stillas-lett-1-1024x683.jpeg\" class=\"attachment-large size-large wp-image-572\" alt=\"\" srcset=\"https:\/\/stillasmontasje.no\/wp-content\/uploads\/2025\/03\/Stillas-lett-1-1024x683.jpeg 1024w, https:\/\/stillasmontasje.no\/wp-content\/uploads\/2025\/03\/Stillas-lett-1-300x200.jpeg 300w, https:\/\/stillasmontasje.no\/wp-content\/uploads\/2025\/03\/Stillas-lett-1-768x512.jpeg 768w, https:\/\/stillasmontasje.no\/wp-content\/uploads\/2025\/03\/Stillas-lett-1-1536x1024.jpeg 1536w, https:\/\/stillasmontasje.no\/wp-content\/uploads\/2025\/03\/Stillas-lett-1-2048x1366.jpeg 2048w\" sizes=\"(max-width: 1024px) 100vw, 1024px\" \/>\t\t\t\t\t\t\t\t\t\t\t\t\t\t\t<\/div>\n\t\t\t\t<\/div>\n\t\t\t\t<\/div>\n\t\t<div class=\"elementor-element elementor-element-31038a5 e-con-full e-flex e-con e-child\" data-id=\"31038a5\" data-element_type=\"container\" data-settings=\"{&quot;jet_parallax_layout_list&quot;:[]}\">\n\t\t\t\t<div class=\"elementor-element elementor-element-4ed3bf0 elementor-widget elementor-widget-image\" data-id=\"4ed3bf0\" data-element_type=\"widget\" data-widget_type=\"image.default\">\n\t\t\t\t<div class=\"elementor-widget-container\">\n\t\t\t\t\t\t\t\t\t\t\t\t\t\t\t<img decoding=\"async\" width=\"768\" height=\"473\" src=\"https:\/\/stillasmontasje.no\/wp-content\/uploads\/2025\/03\/Stillas-Sandviken-2.jpeg\" class=\"attachment-large size-large wp-image-573\" alt=\"Fasadestillas\" srcset=\"https:\/\/stillasmontasje.no\/wp-content\/uploads\/2025\/03\/Stillas-Sandviken-2.jpeg 768w, https:\/\/stillasmontasje.no\/wp-content\/uploads\/2025\/03\/Stillas-Sandviken-2-300x185.jpeg 300w\" sizes=\"(max-width: 768px) 100vw, 768px\" \/>\t\t\t\t\t\t\t\t\t\t\t\t\t\t\t<\/div>\n\t\t\t\t<\/div>\n\t\t\t\t<\/div>\n\t\t\t\t\t<\/div>\n\t\t\t\t<\/div>\n\t\t<div class=\"elementor-element elementor-element-20f7561 e-flex e-con-boxed e-con e-parent\" data-id=\"20f7561\" data-element_type=\"container\" data-settings=\"{&quot;jet_parallax_layout_list&quot;:[],&quot;background_background&quot;:&quot;classic&quot;}\">\n\t\t\t\t\t<div class=\"e-con-inner\">\n\t\t<div class=\"elementor-element elementor-element-cedc8f3 e-con-full e-flex e-con e-child\" data-id=\"cedc8f3\" data-element_type=\"container\" data-settings=\"{&quot;jet_parallax_layout_list&quot;:[]}\">\n\t\t\t\t<div class=\"elementor-element elementor-element-80c148d elementor-button-info elementor-align-center elementor-widget elementor-widget-button\" data-id=\"80c148d\" data-element_type=\"widget\" data-widget_type=\"button.default\">\n\t\t\t\t<div class=\"elementor-widget-container\">\n\t\t\t\t\t\t\t\t\t<div class=\"elementor-button-wrapper\">\n\t\t\t\t\t<a class=\"elementor-button elementor-button-link elementor-size-sm\" href=\"\">\n\t\t\t\t\t\t<span class=\"elementor-button-content-wrapper\">\n\t\t\t\t\t\t\t\t\t<span class=\"elementor-button-text\">Ring oss<\/span>\n\t\t\t\t\t<\/span>\n\t\t\t\t\t<\/a>\n\t\t\t\t<\/div>\n\t\t\t\t\t\t\t\t<\/div>\n\t\t\t\t<\/div>\n\t\t\t\t<\/div>\n\t\t<div class=\"elementor-element elementor-element-bc074be e-con-full e-flex e-con e-child\" data-id=\"bc074be\" data-element_type=\"container\" data-settings=\"{&quot;jet_parallax_layout_list&quot;:[]}\">\n\t\t\t\t<div class=\"elementor-element elementor-element-7db6648 elementor-align-left elementor-mobile-align-center elementor-widget elementor-widget-button\" data-id=\"7db6648\" data-element_type=\"widget\" data-widget_type=\"button.default\">\n\t\t\t\t<div class=\"elementor-widget-container\">\n\t\t\t\t\t\t\t\t\t<div class=\"elementor-button-wrapper\">\n\t\t\t\t\t<a class=\"elementor-button elementor-button-link elementor-size-sm\" href=\"mailto:post@stillasmontasje.no\">\n\t\t\t\t\t\t<span class=\"elementor-button-content-wrapper\">\n\t\t\t\t\t\t\t\t\t<span class=\"elementor-button-text\">Kontakt oss<\/span>\n\t\t\t\t\t<\/span>\n\t\t\t\t\t<\/a>\n\t\t\t\t<\/div>\n\t\t\t\t\t\t\t\t<\/div>\n\t\t\t\t<\/div>\n\t\t\t\t<\/div>\n\t\t\t\t\t<\/div>\n\t\t\t\t<\/div>\n\t\t\t\t<\/div>\n\t\t","protected":false},"excerpt":{"rendered":"<p>Fasade og lettstillas V\u00e5rt lager for stillaser er p\u00e5 Nyborg i bydelen \u00c5sane i Bergen med over\u00a040.000m2 lettstillas av merket\u00a0H\u00fcnnebeck\u00a0Bosta 70 og Layher Fasadestillas. Stillaset er produsert i Tyskland, og er et meget robust, allsidig og fleksibelt stillassystem som passer til alle typer jobber b\u00e5de for private og profesjonelle. Rammestillaset har en systembredde p\u00e5 0,74 [&hellip;]<\/p>\n","protected":false},"author":1,"featured_media":0,"parent":0,"menu_order":0,"comment_status":"closed","ping_status":"closed","template":"","meta":{"footnotes":""},"class_list":["post-77","page","type-page","status-publish","hentry"],"_links":{"self":[{"href":"https:\/\/stillasmontasje.no\/index.php\/wp-json\/wp\/v2\/pages\/77","targetHints":{"allow":["GET"]}}],"collection":[{"href":"https:\/\/stillasmontasje.no\/index.php\/wp-json\/wp\/v2\/pages"}],"about":[{"href":"https:\/\/stillasmontasje.no\/index.php\/wp-json\/wp\/v2\/types\/page"}],"author":[{"embeddable":true,"href":"https:\/\/stillasmontasje.no\/index.php\/wp-json\/wp\/v2\/users\/1"}],"replies":[{"embeddable":true,"href":"https:\/\/stillasmontasje.no\/index.php\/wp-json\/wp\/v2\/comments?post=77"}],"version-history":[{"count":47,"href":"https:\/\/stillasmontasje.no\/index.php\/wp-json\/wp\/v2\/pages\/77\/revisions"}],"predecessor-version":[{"id":1119,"href":"https:\/\/stillasmontasje.no\/index.php\/wp-json\/wp\/v2\/pages\/77\/revisions\/1119"}],"wp:attachment":[{"href":"https:\/\/stillasmontasje.no\/index.php\/wp-json\/wp\/v2\/media?parent=77"}],"curies":[{"name":"wp","href":"https:\/\/api.w.org\/{rel}","templated":true}]}}