{"id":93,"date":"2025-03-03T10:32:56","date_gmt":"2025-03-03T10:32:56","guid":{"rendered":"https:\/\/stillasmontasje.no\/index.php\/about-us\/"},"modified":"2026-02-03T13:19:22","modified_gmt":"2026-02-03T12:19:22","slug":"om-oss","status":"publish","type":"page","link":"https:\/\/stillasmontasje.no\/index.php\/om-oss\/","title":{"rendered":"Om oss"},"content":{"rendered":"\t\t<div data-elementor-type=\"wp-page\" data-elementor-id=\"93\" class=\"elementor elementor-93\" data-elementor-post-type=\"page\">\n\t\t\t\t<div class=\"elementor-element elementor-element-7cabaf4 e-flex e-con-boxed e-con e-parent\" data-id=\"7cabaf4\" data-element_type=\"container\" data-settings=\"{&quot;jet_parallax_layout_list&quot;:[]}\">\n\t\t\t\t\t<div class=\"e-con-inner\">\n\t\t\t\t<div class=\"elementor-element elementor-element-4a6bfba elementor-widget elementor-widget-heading\" data-id=\"4a6bfba\" data-element_type=\"widget\" data-widget_type=\"heading.default\">\n\t\t\t\t<div class=\"elementor-widget-container\">\n\t\t\t\t\t<h2 class=\"elementor-heading-title elementor-size-default\">Informasjon til nye og gamle kunder.<\/h2>\t\t\t\t<\/div>\n\t\t\t\t<\/div>\n\t\t\t\t<div class=\"elementor-element elementor-element-7ce09f1 elementor-widget-divider--view-line elementor-widget elementor-widget-divider\" data-id=\"7ce09f1\" data-element_type=\"widget\" data-widget_type=\"divider.default\">\n\t\t\t\t<div class=\"elementor-widget-container\">\n\t\t\t\t\t\t\t<div class=\"elementor-divider\">\n\t\t\t<span class=\"elementor-divider-separator\">\n\t\t\t\t\t\t<\/span>\n\t\t<\/div>\n\t\t\t\t\t\t<\/div>\n\t\t\t\t<\/div>\n\t\t\t\t\t<\/div>\n\t\t\t\t<\/div>\n\t\t<div class=\"elementor-element elementor-element-b270ffb e-flex e-con-boxed e-con e-parent\" data-id=\"b270ffb\" data-element_type=\"container\" data-settings=\"{&quot;jet_parallax_layout_list&quot;:[]}\">\n\t\t\t\t\t<div class=\"e-con-inner\">\n\t\t<div class=\"elementor-element elementor-element-cda1dbc e-con-full e-flex e-con e-child\" data-id=\"cda1dbc\" data-element_type=\"container\" data-settings=\"{&quot;jet_parallax_layout_list&quot;:[]}\">\n\t\t\t\t<div class=\"elementor-element elementor-element-ff40e77 elementor-widget elementor-widget-heading\" data-id=\"ff40e77\" data-element_type=\"widget\" data-widget_type=\"heading.default\">\n\t\t\t\t<div class=\"elementor-widget-container\">\n\t\t\t\t\t<h2 class=\"elementor-heading-title elementor-size-default\">Eiere SMB:<\/h2>\t\t\t\t<\/div>\n\t\t\t\t<\/div>\n\t\t\t\t<div class=\"elementor-element elementor-element-e4af90e elementor-widget elementor-widget-text-editor\" data-id=\"e4af90e\" data-element_type=\"widget\" data-widget_type=\"text-editor.default\">\n\t\t\t\t<div class=\"elementor-widget-container\">\n\t\t\t\t\t\t\t\t\t<h5>Byggmester Hitland AS<\/h5><h5>Byggmester Harald S\u00e5rheim AS<\/h5><h5>Hindenes Byggmesterforretnng AS<\/h5><h5>Malermester B.A. Urdal AS<\/h5><h5>Erik Finn Johnsen<\/h5>\t\t\t\t\t\t\t\t<\/div>\n\t\t\t\t<\/div>\n\t\t\t\t<\/div>\n\t\t<div class=\"elementor-element elementor-element-11fae8d e-con-full e-flex e-con e-child\" data-id=\"11fae8d\" data-element_type=\"container\" data-settings=\"{&quot;jet_parallax_layout_list&quot;:[]}\">\n\t\t\t\t<div class=\"elementor-element elementor-element-86b1049 elementor-widget elementor-widget-text-editor\" data-id=\"86b1049\" data-element_type=\"widget\" data-widget_type=\"text-editor.default\">\n\t\t\t\t<div class=\"elementor-widget-container\">\n\t\t\t\t\t\t\t\t\t<p><span data-contrast=\"none\">Velkommen til Stillas Montasje Bergen AS!<\/span><span data-ccp-props=\"{&quot;134233117&quot;:true,&quot;134233118&quot;:true,&quot;201341983&quot;:2,&quot;335559739&quot;:300,&quot;335559740&quot;:336}\">\u00a0<\/span><\/p><p><span data-contrast=\"none\">Vi i Stillas Montasje Bergen AS er stolte av \u00e5 v\u00e6re en ledende akt\u00f8r innen stillasmontasje i Bergen og omegn. V\u00e5r dedikasjon til kvalitet, \u00e6rlighet, og sikkerhet har gjort oss til et foretrukket valg blant kunder i bransjen. Vi tilbyr effektive l\u00f8sninger for b\u00e5de bygg- og anleggsprosjekter, og v\u00e5rt fokus p\u00e5 detaljer skaper trygghet og kvalitet i alle ledd.<\/span><span data-ccp-props=\"{&quot;134233117&quot;:true,&quot;134233118&quot;:true,&quot;201341983&quot;:0,&quot;335559739&quot;:300,&quot;335559740&quot;:240}\">\u00a0<\/span><\/p><p><b><span data-contrast=\"none\">V\u00e5re Verdier:<\/span><\/b><span data-ccp-props=\"{&quot;134233117&quot;:true,&quot;134233118&quot;:true,&quot;201341983&quot;:0,&quot;335559739&quot;:300,&quot;335559740&quot;:240}\">\u00a0<\/span><\/p><p><span data-contrast=\"none\">\u2013 Kvalitet: Vi benytter kun de beste materialene og har en gjennomtenkt prosedyre for montasje, slik at v\u00e5re kunder alltid f\u00e5r det beste resultatet.<\/span><span data-ccp-props=\"{&quot;134233117&quot;:true,&quot;134233118&quot;:true,&quot;201341983&quot;:0,&quot;335559739&quot;:300,&quot;335559740&quot;:240}\">\u00a0<\/span><\/p><p><span data-contrast=\"none\">\u2013 \u00c6rlighet: Vi tror p\u00e5 \u00e5 v\u00e6re \u00e5pne og \u00e6rlige i kommunikasjonen med v\u00e5re kunder. Det skaper tillit og langvarige relasjoner.<\/span><span data-ccp-props=\"{&quot;134233117&quot;:true,&quot;134233118&quot;:true,&quot;201341983&quot;:0,&quot;335559739&quot;:300,&quot;335559740&quot;:240}\">\u00a0<\/span><\/p><p><span data-contrast=\"none\">\u2013 Sikkerhet: Sikkerhet er v\u00e5r h\u00f8yeste prioritet. Vi f\u00f8lger strenge prosedyrer for \u00e5 sikre at alle montasjer utf\u00f8res p\u00e5 en sikker m\u00e5te, i henhold til gjeldende forskrifter.<\/span><span data-ccp-props=\"{&quot;134233117&quot;:true,&quot;134233118&quot;:true,&quot;201341983&quot;:0,&quot;335559739&quot;:300,&quot;335559740&quot;:240}\">\u00a0<\/span><\/p><p><span data-contrast=\"none\">\u2013 Konkurransedyktige Priser: Vi tilbyr tjenester til konkurransedyktige priser, uten at det g\u00e5r p\u00e5 bekostning av kvaliteten. Vi \u00f8nsker at v\u00e5re kunder skal f\u00e5 best mulig verdi for pengene.<\/span><span data-ccp-props=\"{&quot;134233117&quot;:true,&quot;134233118&quot;:true,&quot;201341983&quot;:0,&quot;335559739&quot;:300,&quot;335559740&quot;:240}\">\u00a0<\/span><\/p><p><b><span data-contrast=\"none\">Kontor og Lager:<\/span><\/b><span data-ccp-props=\"{&quot;134233117&quot;:true,&quot;134233118&quot;:true,&quot;201341983&quot;:0,&quot;335559739&quot;:300,&quot;335559740&quot;:240}\">\u00a0<\/span><\/p><p><span data-contrast=\"none\">V\u00e5rt kontor og lager ligger i Morvikbotn 165, der vi har et godt utvalg av stillaser og tilbeh\u00f8r tilgjengelig for alle typer prosjekter. Enten du er en privatkunde eller bedrift, st\u00e5r vi klare til \u00e5 hjelpe deg med dine behov.<\/span><span data-ccp-props=\"{&quot;134233117&quot;:true,&quot;134233118&quot;:true,&quot;201341983&quot;:0,&quot;335559739&quot;:300,&quot;335559740&quot;:240}\">\u00a0<\/span><\/p><p><span data-contrast=\"none\">Kontakt Oss:<\/span><span data-ccp-props=\"{&quot;134233117&quot;:true,&quot;134233118&quot;:true,&quot;201341983&quot;:0,&quot;335559739&quot;:300,&quot;335559740&quot;:240}\">\u00a0<\/span><\/p><p><span data-contrast=\"none\">Er du interessert i v\u00e5re tjenester? Ta gjerne kontakt med v\u00e5r daglige leder, H\u00e5kon Viken, p\u00e5 telefon <a href=\"tlf:+47488 95 598\">488 95 598<\/a> \u00a0for en uforpliktende samtale. Vi ser frem til \u00e5 h\u00f8re fra deg!<\/span><span data-ccp-props=\"{&quot;134233117&quot;:true,&quot;134233118&quot;:true,&quot;201341983&quot;:0,&quot;335559739&quot;:300,&quot;335559740&quot;:240}\">\u00a0<\/span><\/p><p><span data-contrast=\"none\">For mer informasjon om v\u00e5re produkter og tjenester, bes\u00f8k v\u00e5r nettside:\u00a0<\/span><a href=\"https:\/\/www.stillasmontasje.no\/fasadestillas-og-lettstillas\/\"><span data-contrast=\"none\">https:\/\/www.stillasmontasje.no\/fasadestillas-og-lettstillas\/<\/span><\/a><span data-ccp-props=\"{&quot;134233117&quot;:true,&quot;134233118&quot;:true,&quot;201341983&quot;:0,&quot;335559739&quot;:300,&quot;335559740&quot;:240}\">\u00a0<\/span><\/p><p><span data-contrast=\"none\">Vi i Stillas Montasje Bergen AS er klare til \u00e5 hjelpe deg med ditt prosjekt, og vi garanterer at vi alltid setter deg som kunde i fokus!<\/span><span data-ccp-props=\"{&quot;134233117&quot;:true,&quot;134233118&quot;:true,&quot;201341983&quot;:0,&quot;335559739&quot;:300,&quot;335559740&quot;:240}\">\u00a0<\/span><\/p><p><span data-ccp-props=\"{&quot;134233117&quot;:false,&quot;134233118&quot;:false,&quot;201341983&quot;:0,&quot;335559738&quot;:0,&quot;335559739&quot;:0,&quot;335559740&quot;:240}\">\u00a0<\/span><\/p><p><span data-ccp-props=\"{&quot;134233117&quot;:false,&quot;134233118&quot;:false,&quot;201341983&quot;:0,&quot;335559738&quot;:0,&quot;335559739&quot;:0,&quot;335559740&quot;:240}\">\u00a0<\/span><\/p><p><span data-contrast=\"none\">Med vennlig hilsen,<\/span><span data-ccp-props=\"{&quot;134233117&quot;:false,&quot;134233118&quot;:false,&quot;201341983&quot;:0,&quot;335559738&quot;:0,&quot;335559739&quot;:0,&quot;335559740&quot;:276}\">\u00a0<\/span><\/p><p><span data-contrast=\"none\">Stillas Montasje Bergen AS\u00a0\u00a0<\/span><span data-ccp-props=\"{&quot;134233117&quot;:false,&quot;134233118&quot;:false,&quot;201341983&quot;:0,&quot;335559738&quot;:0,&quot;335559739&quot;:0,&quot;335559740&quot;:276}\">\u00a0<\/span><\/p><p><span data-contrast=\"none\">Morvikbotn 165, 5122 Morvik\u00a0 <\/span><span data-ccp-props=\"{&quot;134233117&quot;:false,&quot;134233118&quot;:false,&quot;201341983&quot;:0,&quot;335559738&quot;:0,&quot;335559739&quot;:0,&quot;335559740&quot;:276}\">\u00a0<\/span><\/p><p><span data-contrast=\"none\">Daglig leder: H\u00e5kon Viken\u00a0 <\/span><span data-ccp-props=\"{&quot;134233117&quot;:false,&quot;134233118&quot;:false,&quot;201341983&quot;:0,&quot;335559738&quot;:0,&quot;335559739&quot;:0,&quot;335559740&quot;:276}\">\u00a0<\/span><\/p>\t\t\t\t\t\t\t\t<\/div>\n\t\t\t\t<\/div>\n\t\t\t\t<\/div>\n\t\t\t\t\t<\/div>\n\t\t\t\t<\/div>\n\t\t<div class=\"elementor-element elementor-element-fa317b2 e-flex e-con-boxed e-con e-parent\" data-id=\"fa317b2\" data-element_type=\"container\" data-settings=\"{&quot;jet_parallax_layout_list&quot;:[],&quot;background_background&quot;:&quot;classic&quot;}\">\n\t\t\t\t\t<div class=\"e-con-inner\">\n\t\t<div class=\"elementor-element elementor-element-aa1912a e-con-full e-flex e-con e-child\" data-id=\"aa1912a\" data-element_type=\"container\" data-settings=\"{&quot;jet_parallax_layout_list&quot;:[]}\">\n\t\t\t\t<div class=\"elementor-element elementor-element-79fef45 elementor-button-info elementor-align-center elementor-widget elementor-widget-button\" data-id=\"79fef45\" data-element_type=\"widget\" data-widget_type=\"button.default\">\n\t\t\t\t<div class=\"elementor-widget-container\">\n\t\t\t\t\t\t\t\t\t<div class=\"elementor-button-wrapper\">\n\t\t\t\t\t<a class=\"elementor-button elementor-button-link elementor-size-sm\" href=\"\">\n\t\t\t\t\t\t<span class=\"elementor-button-content-wrapper\">\n\t\t\t\t\t\t\t\t\t<span class=\"elementor-button-text\">Ring oss<\/span>\n\t\t\t\t\t<\/span>\n\t\t\t\t\t<\/a>\n\t\t\t\t<\/div>\n\t\t\t\t\t\t\t\t<\/div>\n\t\t\t\t<\/div>\n\t\t\t\t<\/div>\n\t\t<div class=\"elementor-element elementor-element-822d64a e-con-full e-flex e-con e-child\" data-id=\"822d64a\" data-element_type=\"container\" data-settings=\"{&quot;jet_parallax_layout_list&quot;:[]}\">\n\t\t\t\t<div class=\"elementor-element elementor-element-2dae11a elementor-align-left elementor-mobile-align-center elementor-widget elementor-widget-button\" data-id=\"2dae11a\" data-element_type=\"widget\" data-widget_type=\"button.default\">\n\t\t\t\t<div class=\"elementor-widget-container\">\n\t\t\t\t\t\t\t\t\t<div class=\"elementor-button-wrapper\">\n\t\t\t\t\t<a class=\"elementor-button elementor-button-link elementor-size-sm\" href=\"mailto:post@stillasmontasje.no\">\n\t\t\t\t\t\t<span class=\"elementor-button-content-wrapper\">\n\t\t\t\t\t\t\t\t\t<span class=\"elementor-button-text\">Kontakt oss<\/span>\n\t\t\t\t\t<\/span>\n\t\t\t\t\t<\/a>\n\t\t\t\t<\/div>\n\t\t\t\t\t\t\t\t<\/div>\n\t\t\t\t<\/div>\n\t\t\t\t<\/div>\n\t\t\t\t\t<\/div>\n\t\t\t\t<\/div>\n\t\t\t\t<\/div>\n\t\t","protected":false},"excerpt":{"rendered":"<p>Informasjon til nye og gamle kunder. Eiere SMB: Byggmester Hitland AS Byggmester Harald S\u00e5rheim AS Hindenes Byggmesterforretnng AS Malermester B.A. Urdal AS Erik Finn Johnsen Velkommen til Stillas Montasje Bergen AS!\u00a0 Vi i Stillas Montasje Bergen AS er stolte av \u00e5 v\u00e6re en ledende akt\u00f8r innen stillasmontasje i Bergen og omegn. V\u00e5r dedikasjon til kvalitet, [&hellip;]<\/p>\n","protected":false},"author":1,"featured_media":0,"parent":0,"menu_order":0,"comment_status":"closed","ping_status":"closed","template":"","meta":{"footnotes":""},"class_list":["post-93","page","type-page","status-publish","hentry"],"_links":{"self":[{"href":"https:\/\/stillasmontasje.no\/index.php\/wp-json\/wp\/v2\/pages\/93","targetHints":{"allow":["GET"]}}],"collection":[{"href":"https:\/\/stillasmontasje.no\/index.php\/wp-json\/wp\/v2\/pages"}],"about":[{"href":"https:\/\/stillasmontasje.no\/index.php\/wp-json\/wp\/v2\/types\/page"}],"author":[{"embeddable":true,"href":"https:\/\/stillasmontasje.no\/index.php\/wp-json\/wp\/v2\/users\/1"}],"replies":[{"embeddable":true,"href":"https:\/\/stillasmontasje.no\/index.php\/wp-json\/wp\/v2\/comments?post=93"}],"version-history":[{"count":47,"href":"https:\/\/stillasmontasje.no\/index.php\/wp-json\/wp\/v2\/pages\/93\/revisions"}],"predecessor-version":[{"id":1154,"href":"https:\/\/stillasmontasje.no\/index.php\/wp-json\/wp\/v2\/pages\/93\/revisions\/1154"}],"wp:attachment":[{"href":"https:\/\/stillasmontasje.no\/index.php\/wp-json\/wp\/v2\/media?parent=93"}],"curies":[{"name":"wp","href":"https:\/\/api.w.org\/{rel}","templated":true}]}}